{"id":15,"date":"2026-02-15T21:36:18","date_gmt":"2026-02-15T20:36:18","guid":{"rendered":"https:\/\/lightblue-gaur-229646.hostingersite.com\/?page_id=15"},"modified":"2026-03-20T17:05:04","modified_gmt":"2026-03-20T16:05:04","slug":"pagina-principal","status":"publish","type":"page","link":"https:\/\/www.asertivia.com\/index.php\/pagina-principal\/","title":{"rendered":"PAGINA PRINCIPAL"},"content":{"rendered":"\n<div class=\"wp-block-columns is-layout-flex wp-container-core-columns-is-layout-9d6595d7 wp-block-columns-is-layout-flex\">\n<div class=\"wp-block-column has-background is-layout-flow wp-block-column-is-layout-flow\" style=\"background-color:#fff1e0\">\n<p class=\"gb-text gb-text-9c70db09\"><strong>Bienvenido a Asertivia<\/strong><\/p>\n\n\n\n<pre class=\"wp-block-preformatted has-text-color has-background has-link-color wp-elements-da34f8a331bc501c74fc2641b966c4d1\" style=\"color:#1f4068;background-color:#fff1e0;font-size:16px;font-style:italic;font-weight:600\">    <strong> <em>Asertivia nace como un espacio de construcci\u00f3n, an\u00e1lisis e interpretaci\u00f3n del conocimiento en un entorno donde la informaci\u00f3n, cada vez m\u00e1s abundante, tiende a fragmentarse y perder su sentido. Frente a esa dispersi\u00f3n, este proyecto propone una estructura clara, organizada y coherente, en la que cada contenido forma parte de un sistema mayor.<br><br>     No se trata \u00fanicamente de recopilar datos, ni de presentar informaci\u00f3n aislada. Asertivia se desarrolla bajo un enfoque editorial definido, donde cada secci\u00f3n responde a un criterio espec\u00edfico: analizar, contextualizar y conectar. Desde la reflexi\u00f3n cr\u00edtica hasta la exploraci\u00f3n cultural, pasando por la interpretaci\u00f3n simb\u00f3lica o el estudio comparado, el objetivo es transformar la informaci\u00f3n en conocimiento comprensible y \u00fatil.<br><br>    Este proyecto no sigue la l\u00f3gica de la inmediatez ni de la acumulaci\u00f3n sin filtro. Cada contenido ha sido concebido para aportar valor, para integrarse dentro de una estructura y para ofrecer una lectura que vaya m\u00e1s all\u00e1 de lo superficial. Asertivia es, en esencia, un espacio donde se organiza el pensamiento y se construye una visi\u00f3n ordenada del mundo.<br><br>    A trav\u00e9s de sus distintas secciones \u2014editorial, cr\u00edtica, an\u00e1lisis territorial, bestiario cultural y otras l\u00edneas de desarrollo\u2014 el sitio articula una red de contenidos interrelacionados que permiten al lector no solo acceder a la informaci\u00f3n, sino comprenderla en su contexto.<br><br>     Para explorar la estructura completa del proyecto y acceder a sus contenidos organizados, puedes visitar la p\u00e1gina de portada.<\/em><\/strong><br><\/pre>\n\n\n\n<a class=\"gb-text gb-text-98b5a15b\" href=\"https:\/\/lightblue-gaur-229646.hostingersite.com\/index.php\/portada\/\"><strong>IR A PORTADA<\/strong><\/a>\n\n\n\n<p class=\"gb-text gb-text-b0ea9bdd\"><em>\u201cLa claridad es la forma m\u00e1s exigente del pensamiento.\u201d<\/em><\/p>\n<\/div>\n<\/div>\n\n\n\n<p><\/p>\n","protected":false},"excerpt":{"rendered":"<p>Bienvenido a Asertivia Asertivia nace como un espacio de construcci\u00f3n, an\u00e1lisis e interpretaci\u00f3n del conocimiento en un entorno donde la informaci\u00f3n, cada vez m\u00e1s abundante, tiende a fragmentarse y perder &#8230; <\/p>\n<p class=\"read-more-container\"><a title=\"PAGINA PRINCIPAL\" class=\"read-more button\" href=\"https:\/\/www.asertivia.com\/index.php\/pagina-principal\/#more-15\" aria-label=\"Leer m\u00e1s sobre PAGINA PRINCIPAL\">Leer m\u00e1s<\/a><\/p>\n","protected":false},"author":1,"featured_media":0,"parent":0,"menu_order":0,"comment_status":"closed","ping_status":"closed","template":"","meta":{"_acf_changed":false,"_subtitulo":"","_autor":"","_entradilla":"","_cita_destacada":"","_contacto":"","_email":"","_web":"","_youtube":"","_instagram":"","_twitter":"","_facebook":"","_template_type":"","_template_name":"","_pipeline_version":"","_block_count":"","_design_tokens":"","_seo_title":"","_seo_description":"","footnotes":"","_cpt_subtitle":"","_cpt_featured_quote":"","_cpt_synopsis":"","_cpt_summary":""},"class_list":["post-15","page","type-page","status-publish"],"acf":[],"_links":{"self":[{"href":"https:\/\/www.asertivia.com\/index.php\/wp-json\/wp\/v2\/pages\/15","targetHints":{"allow":["GET"]}}],"collection":[{"href":"https:\/\/www.asertivia.com\/index.php\/wp-json\/wp\/v2\/pages"}],"about":[{"href":"https:\/\/www.asertivia.com\/index.php\/wp-json\/wp\/v2\/types\/page"}],"author":[{"embeddable":true,"href":"https:\/\/www.asertivia.com\/index.php\/wp-json\/wp\/v2\/users\/1"}],"replies":[{"embeddable":true,"href":"https:\/\/www.asertivia.com\/index.php\/wp-json\/wp\/v2\/comments?post=15"}],"version-history":[{"count":0,"href":"https:\/\/www.asertivia.com\/index.php\/wp-json\/wp\/v2\/pages\/15\/revisions"}],"wp:attachment":[{"href":"https:\/\/www.asertivia.com\/index.php\/wp-json\/wp\/v2\/media?parent=15"}],"curies":[{"name":"wp","href":"https:\/\/api.w.org\/{rel}","templated":true}]}}