{"id":12681,"date":"2026-03-19T23:12:24","date_gmt":"2026-03-19T22:12:24","guid":{"rendered":"https:\/\/lightblue-gaur-229646.hostingersite.com\/?page_id=12681"},"modified":"2026-03-19T23:30:31","modified_gmt":"2026-03-19T22:30:31","slug":"politica_editorial","status":"publish","type":"page","link":"https:\/\/www.asertivia.com\/index.php\/politica_editorial\/","title":{"rendered":"Politica editorial"},"content":{"rendered":"\n<p class=\"gb-text gb-text-5deff652\"><strong>Pol\u00edtica Editorial y de Responsabilidad de Contenidos<\/strong><\/p>\n\n\n\n<pre class=\"wp-block-preformatted has-text-color has-background has-link-color wp-elements-4a71f226c16534fc7934f98e50a08642\" style=\"color:#1f4068;background-color:#fff1e0\">La presente Pol\u00edtica Editorial y de Responsabilidad de Contenidos establece los principios, normas y criterios que rigen la creaci\u00f3n, publicaci\u00f3n y gesti\u00f3n de contenidos en el sitio web <strong>asertivia.com<\/strong> (en adelante, \u201cel Sitio Web\u201d), titularidad de <strong>Asertivia Group<\/strong>.<br><br>Su finalidad es garantizar la calidad, veracidad, independencia y legalidad de los contenidos, as\u00ed como definir las responsabilidades asociadas tanto a los autores como al titular del Sitio Web.<\/pre>\n\n\n\n<p class=\"gb-text gb-text-b2ce312d\">1. Principios editoriales<\/p>\n\n\n\n<pre class=\"wp-block-preformatted has-text-color has-background has-link-color wp-elements-8c25257d7e457715c8c1e7e8e79585cd\" style=\"color:#1f4068;background-color:#fff1e0\">El Sitio Web se rige por los siguientes principios:<br><br>     <strong>- Independencia editorial:<\/strong> Los contenidos se producen sin interferencias externas que afecten la objetividad o imparcialidad de la informaci\u00f3n.<br>     <strong>- Pluralidad:<\/strong> Se fomenta la diversidad de opiniones y perspectivas, respetando la legalidad y los derechos de terceros.<br>     <strong>- Transparencia:<\/strong> Se identifican claramente las fuentes de informaci\u00f3n, colaboradores externos y art\u00edculos patrocinados, en caso de existir.<br>     <strong>- Rigor y veracidad: <\/strong>Se garantiza que la informaci\u00f3n publicada se ha contrastado y se encuentra actualizada en la medida de lo posible.<br>     <strong>- Respeto a la legalidad:<\/strong> Todos los contenidos cumplen con la normativa vigente, incluyendo legislaci\u00f3n sobre derechos de autor, propiedad intelectual, protecci\u00f3n de datos y normativa sobre comunicaci\u00f3n digital.<\/pre>\n\n\n\n<p class=\"gb-text gb-text-b80f40a8\">2. Responsabilidad de los contenidos<\/p>\n\n\n\n<pre class=\"wp-block-preformatted has-text-color has-background has-link-color wp-elements-a4812de90ac98ba8e288d13c51a7a429\" style=\"color:#1f4068;background-color:#fff1e0\">Asertivia Group act\u00faa como responsable de los contenidos publicados en el Sitio Web, velando por su legalidad y calidad. Sin embargo, las opiniones expresadas por colaboradores externos, autores invitados o usuarios no representan necesariamente la postura editorial del Sitio Web. La responsabilidad de estas opiniones recae exclusivamente sobre sus autores.<\/pre>\n\n\n\n<p class=\"gb-text gb-text-9b8107b5\">3. Contenidos generados por terceros<\/p>\n\n\n\n<pre class=\"wp-block-preformatted has-text-color has-background has-link-color wp-elements-ee424820d965f825a2847599be51c870\" style=\"color:#1f4068;background-color:#fff1e0\">El Sitio Web puede incluir art\u00edculos, comentarios, an\u00e1lisis y cr\u00edticas de terceros. Asertivia Group se reserva el derecho de revisar, moderar, corregir o rechazar cualquier contenido que:<br><br>     - Sea ilegal, difamatorio, ofensivo o atente contra derechos de terceros.<br>     - Vulnere normas de propiedad intelectual o industrial.<br>     - Comprometa la seguridad, integridad o funcionamiento del Sitio Web.<\/pre>\n\n\n\n<p class=\"gb-text gb-text-8d92bde0\">4. Enlaces a terceros<\/p>\n\n\n\n<pre class=\"wp-block-preformatted has-text-color has-background has-link-color wp-elements-afc7ea2c3e5b7f8647611450a73881da\" style=\"color:#1f4068;background-color:#fff1e0\">Los contenidos pueden incluir enlaces hacia sitios, plataformas o recursos gestionados por terceros. Estos enlaces se proporcionan \u00fanicamente con fines informativos. Asertivia Group no asume responsabilidad alguna sobre la legalidad, disponibilidad, exactitud o contenido de los sitios externos, ni por los da\u00f1os o perjuicios derivados de su uso.<\/pre>\n\n\n\n<p class=\"gb-text gb-text-3903061e\">5. Limitaci\u00f3n de responsabilidad<\/p>\n\n\n\n<pre class=\"wp-block-preformatted has-text-color has-background has-link-color wp-elements-2d25f1b55a7b8978543ad3b0ad0ca125\" style=\"color:#1f4068;background-color:#fff1e0\">El Sitio Web no garantiza resultados espec\u00edficos derivados de la lectura o aplicaci\u00f3n de la informaci\u00f3n publicada. Asertivia Group no ser\u00e1 responsable de decisiones, actuaciones o consecuencias que los usuarios adopten basadas en los contenidos del Sitio Web. Asimismo, no se hace responsable de da\u00f1os directos o indirectos ocasionados por errores, omisiones o incidencias t\u00e9cnicas.<\/pre>\n\n\n\n<p class=\"gb-text gb-text-e8b3a606\">6. Propiedad intelectual y derechos de autor<\/p>\n\n\n\n<pre class=\"wp-block-preformatted has-text-color has-background has-link-color wp-elements-b577e501ec4194c8085e68cc09028853\" style=\"color:#1f4068;background-color:#fff1e0\">Todos los contenidos publicados en el Sitio Web, incluyendo textos, im\u00e1genes, v\u00eddeos, gr\u00e1ficos, logotipos y c\u00f3digo, son propiedad de Asertivia Group o de terceros debidamente autorizados. Queda estrictamente prohibida su reproducci\u00f3n, distribuci\u00f3n, comunicaci\u00f3n p\u00fablica, transformaci\u00f3n o explotaci\u00f3n sin autorizaci\u00f3n expresa. El uso personal de los contenidos no confiere derechos adicionales sobre las obras.<\/pre>\n\n\n\n<p class=\"gb-text gb-text-a9d4cd69\">7. Protecci\u00f3n de menores<\/p>\n\n\n\n<pre class=\"wp-block-preformatted has-text-color has-background has-link-color wp-elements-59061b87963429670623edcb5846e46b\" style=\"color:#1f4068;background-color:#fff1e0\">Los contenidos del Sitio Web est\u00e1n destinados a un p\u00fablico general. No se recopila informaci\u00f3n personal de menores de 14 a\u00f1os, y cualquier comunicaci\u00f3n recibida de menores ser\u00e1 gestionada cumpliendo estrictamente la normativa de protecci\u00f3n de datos aplicable.<\/pre>\n\n\n\n<p class=\"gb-text gb-text-9112d01c\">8. Actualizaci\u00f3n y revisi\u00f3n de contenidos<\/p>\n\n\n\n<pre class=\"wp-block-preformatted has-text-color has-background has-link-color wp-elements-9ad3b6878317f27daceaf968e81e2fb1\" style=\"color:#1f4068;background-color:#fff1e0\">Asertivia Group se reserva el derecho de actualizar, corregir o eliminar contenidos cuando sea necesario para garantizar su veracidad, exactitud y cumplimiento legal. Las revisiones pueden realizarse de manera peri\u00f3dica o puntual, seg\u00fan la naturaleza del contenido.<\/pre>\n\n\n\n<p class=\"gb-text gb-text-17329802\">9. Legislaci\u00f3n aplicable y jurisdicci\u00f3n<\/p>\n\n\n\n<pre class=\"wp-block-preformatted has-text-color has-background has-link-color wp-elements-cf6c2b7324502fac4c1bd300fb32687a\" style=\"color:#1f4068;background-color:#fff1e0\">La presente Pol\u00edtica Editorial se rige por la legislaci\u00f3n espa\u00f1ola y europea vigente en materia de servicios digitales, comunicaciones electr\u00f3nicas, derechos de autor y protecci\u00f3n de datos. Para cualquier controversia derivada de la interpretaci\u00f3n, aplicaci\u00f3n o cumplimiento de esta Pol\u00edtica, ser\u00e1n competentes los tribunales espa\u00f1oles que correspondan conforme a la ley.<\/pre>\n","protected":false},"excerpt":{"rendered":"<p>Pol\u00edtica Editorial y de Responsabilidad de Contenidos La presente Pol\u00edtica Editorial y de Responsabilidad de Contenidos establece los principios, normas y criterios que rigen la creaci\u00f3n, publicaci\u00f3n y gesti\u00f3n de &#8230; <\/p>\n<p class=\"read-more-container\"><a title=\"Politica editorial\" class=\"read-more button\" href=\"https:\/\/www.asertivia.com\/index.php\/politica_editorial\/#more-12681\" aria-label=\"Leer m\u00e1s sobre Politica editorial\">Leer m\u00e1s<\/a><\/p>\n","protected":false},"author":1,"featured_media":0,"parent":0,"menu_order":0,"comment_status":"closed","ping_status":"closed","template":"","meta":{"_acf_changed":false,"_subtitulo":"","_autor":"","_entradilla":"","_cita_destacada":"","_contacto":"","_email":"","_web":"","_youtube":"","_instagram":"","_twitter":"","_facebook":"","_template_type":"","_template_name":"","_pipeline_version":"","_block_count":"","_design_tokens":"","_seo_title":"","_seo_description":"","footnotes":"","_cpt_subtitle":"","_cpt_featured_quote":"","_cpt_synopsis":"","_cpt_summary":""},"class_list":["post-12681","page","type-page","status-publish"],"acf":[],"_links":{"self":[{"href":"https:\/\/www.asertivia.com\/index.php\/wp-json\/wp\/v2\/pages\/12681","targetHints":{"allow":["GET"]}}],"collection":[{"href":"https:\/\/www.asertivia.com\/index.php\/wp-json\/wp\/v2\/pages"}],"about":[{"href":"https:\/\/www.asertivia.com\/index.php\/wp-json\/wp\/v2\/types\/page"}],"author":[{"embeddable":true,"href":"https:\/\/www.asertivia.com\/index.php\/wp-json\/wp\/v2\/users\/1"}],"replies":[{"embeddable":true,"href":"https:\/\/www.asertivia.com\/index.php\/wp-json\/wp\/v2\/comments?post=12681"}],"version-history":[{"count":0,"href":"https:\/\/www.asertivia.com\/index.php\/wp-json\/wp\/v2\/pages\/12681\/revisions"}],"wp:attachment":[{"href":"https:\/\/www.asertivia.com\/index.php\/wp-json\/wp\/v2\/media?parent=12681"}],"curies":[{"name":"wp","href":"https:\/\/api.w.org\/{rel}","templated":true}]}}