{"id":12653,"date":"2026-03-19T21:38:43","date_gmt":"2026-03-19T20:38:43","guid":{"rendered":"https:\/\/lightblue-gaur-229646.hostingersite.com\/?page_id=12653"},"modified":"2026-03-19T21:47:50","modified_gmt":"2026-03-19T20:47:50","slug":"aviso_legal","status":"publish","type":"page","link":"https:\/\/www.asertivia.com\/index.php\/aviso_legal\/","title":{"rendered":"Aviso legal"},"content":{"rendered":"\n<p class=\"gb-text gb-text-5deff652\"><strong>Aviso Legal<\/strong><\/p>\n\n\n\n<pre class=\"wp-block-preformatted has-text-color has-background has-link-color wp-elements-a5beacb6c91a01e028780f47ede9b661\" style=\"color:#1f4068;background-color:#fff1e0\">El presente Aviso Legal regula el acceso, uso y navegaci\u00f3n del sitio web asertivia.com (en adelante, \u201cel Sitio Web\u201d), gestionado y editado por Asertivia Group, entidad dedicada a la difusi\u00f3n cultural, an\u00e1lisis social y<br>producci\u00f3n de contenido digital. El uso del Sitio Web atribuye la condici\u00f3n de usuario y conlleva la aceptaci\u00f3n plena, expresa y sin reservas de todas las cl\u00e1usulas aqu\u00ed descritas.<br><br>Estas condiciones podr\u00e1n ser modificadas en cualquier momento, siendo responsabilidad del<br>usuario revisarlas peri\u00f3dicamente.<\/pre>\n\n\n\n<p class=\"gb-text gb-text-b2ce312d\">1. Objeto y \u00c1mbito de Aplicaci\u00f3n<\/p>\n\n\n\n<pre class=\"wp-block-preformatted has-text-color has-background has-link-color wp-elements-80bdebc2efca46a2c3eff43d4cc3c83b\" style=\"color:#1f4068;background-color:#fff1e0\">El Sitio Web tiene como finalidad ofrecer informaci\u00f3n, art\u00edculos de opini\u00f3n, an\u00e1lisis, contenidos culturales, editoriales y comunicativos. El acceso al Sitio Web es libre y gratuito, salvo que se indique lo contrario en secciones espec\u00edficas. <br><br>Toda persona que acceda, navegue o utilice el Sitio Web acepta quedar sometida a las disposiciones del presente Aviso Legal, as\u00ed como a las condiciones particulares que pudieran establecerse para<br>determinados contenidos, servicios o herramientas.<\/pre>\n\n\n\n<p class=\"gb-text gb-text-b80f40a8\">2. Obligaciones del Usuario<\/p>\n\n\n\n<pre class=\"wp-block-preformatted has-text-color has-background has-link-color wp-elements-87fca976483e7216ebe4fe3ea189e9ad\" style=\"color:#1f4068;background-color:#fff1e0\">El usuario se compromete a utilizar el Sitio Web de forma diligente, correcta, \u00e9tica y conforme a la legislaci\u00f3n vigente, la moral y el orden p\u00fablico. <br><br>Queda prohibido el uso del Sitio Web con fines il\u00edcitos, lesivos o contrarios a los derechos e intereses de terceros o que puedan da\u00f1ar, inutilizar, sobrecargar o deteriorar las infraestructuras t\u00e9cnicas, los contenidos o los servicios ofrecidos.<br><br>    - No introducir contenidos ofensivos, injuriosos, violentos, discriminatorios o ilegales.<br>    - No realizar ataques inform\u00e1ticos, intentos de intrusi\u00f3n, ingenier\u00eda inversa o accesos no autorizados.<br>    - No emplear bots, t\u00e9cnicas de scraping, miner\u00eda de datos o automatizaciones no autorizadas.<br>    - No interferir en el correcto funcionamiento del Sitio Web o de los servidores asociados.<\/pre>\n\n\n\n<p class=\"gb-text gb-text-9b8107b5\">3. Propiedad Intelectual e Industrial<\/p>\n\n\n\n<pre class=\"wp-block-preformatted has-text-color has-background has-link-color wp-elements-b9eb3f71e7628ed82342d0d6e43ac7ca\" style=\"color:#1f4068;background-color:#fff1e0\">Todos los contenidos del Sitio Web, incluyendo textos, im\u00e1genes, gr\u00e1ficos, logotipos, composiciones audiovisuales, art\u00edculos, estructuras, c\u00f3digo fuente, dise\u00f1o y cualquier otro elemento protegido por derechos de propiedad intelectual o industrial, son propiedad de Asertivia Group o se utilizan con autorizaci\u00f3n de terceros titulares leg\u00edtimos.<br><br>Queda estrictamente prohibida la reproducci\u00f3n, distribuci\u00f3n, comunicaci\u00f3n p\u00fablica, transformaci\u00f3n o cualquier forma de explotaci\u00f3n, total o parcial, sin autorizaci\u00f3n expresa y por escrito.<\/pre>\n\n\n\n<p class=\"gb-text gb-text-8d92bde0\">4. Responsabilidad del Titular<\/p>\n\n\n\n<pre class=\"wp-block-preformatted has-text-color has-background has-link-color wp-elements-77fb4b3baeee42799a9253cfd12f3da7\" style=\"color:#1f4068;background-color:#fff1e0\">Asertivia Group no garantiza la inexistencia de interrupciones, fallos t\u00e9cnicos, errores de acceso, indisponibilidad temporal o vulnerabilidades derivadas de acciones de terceros. <br><br>El titular no se hace responsable de da\u00f1os directos o indirectos derivados del uso del Sitio Web, incluyendo p\u00e9rdida de datos, infecciones por malware, indisponibilidad temporal o actuaciones malintencionadas por usuarios o terceros ajenos.<\/pre>\n\n\n\n<p class=\"gb-text gb-text-3903061e\">5. Enlaces Externos<\/p>\n\n\n\n<pre class=\"wp-block-preformatted has-text-color has-background has-link-color wp-elements-94cb93fab62154609cc29a26f3a57a64\" style=\"color:#1f4068;background-color:#fff1e0\">El Sitio Web puede contener enlaces hacia recursos, plataformas y sitios web gestionados por terceros. Asertivia Group no controla ni garantiza la exactitud, legalidad, disponibilidad o seguridad de dichos enlaces. <br><br>La inclusi\u00f3n de enlaces externos tiene un car\u00e1cter informativo, sin que ello implique relaci\u00f3n, aprobaci\u00f3n o respaldo del titular respecto del contenido enlazado.<\/pre>\n\n\n\n<p class=\"gb-text gb-text-e8b3a606\">6. Seguridad y Alojamiento<\/p>\n\n\n\n<pre class=\"wp-block-preformatted has-text-color has-background has-link-color wp-elements-6b1190a72af41d4dcf2e826c661e431e\" style=\"color:#1f4068;background-color:#fff1e0\">El Sitio Web se aloja en servidores europeos que cumplen con los est\u00e1ndares de seguridad establecidos por la normativa de la Uni\u00f3n Europea, garantizando integridad, disponibilidad y confidencialidad de los datos. <br><br>Se aplican medidas t\u00e9cnicas razonables para prevenir incidentes de seguridad, aunque no puede garantizarse la invulnerabilidad absoluta de los sistemas.<\/pre>\n\n\n\n<p class=\"gb-text gb-text-a9d4cd69\">7. Legislaci\u00f3n Aplicable y Jurisdicci\u00f3n<\/p>\n\n\n\n<pre class=\"wp-block-preformatted has-text-color has-background has-link-color wp-elements-c41b9ebb950b3424beae3668b92cf8bf\" style=\"color:#1f4068;background-color:#fff1e0\">El presente Aviso Legal se rige por la legislaci\u00f3n espa\u00f1ola y la normativa de la Uni\u00f3n Europea aplicable a servicios digitales, comunicaciones electr\u00f3nicas y derechos de propiedad intelectual.<br><br>Para cualquier controversia que pudiera derivarse de la interpretaci\u00f3n o aplicaci\u00f3n del mismo, ser\u00e1n competentes los tribunales espa\u00f1oles que correspondan conforme a la ley.<\/pre>\n","protected":false},"excerpt":{"rendered":"<p>Aviso Legal El presente Aviso Legal regula el acceso, uso y navegaci\u00f3n del sitio web asertivia.com (en adelante, \u201cel Sitio Web\u201d), gestionado y editado por Asertivia Group, entidad dedicada a &#8230; <\/p>\n<p class=\"read-more-container\"><a title=\"Aviso legal\" class=\"read-more button\" href=\"https:\/\/www.asertivia.com\/index.php\/aviso_legal\/#more-12653\" aria-label=\"Leer m\u00e1s sobre Aviso legal\">Leer m\u00e1s<\/a><\/p>\n","protected":false},"author":1,"featured_media":0,"parent":0,"menu_order":0,"comment_status":"closed","ping_status":"closed","template":"","meta":{"_acf_changed":false,"_subtitulo":"","_autor":"","_entradilla":"","_cita_destacada":"","_contacto":"","_email":"","_web":"","_youtube":"","_instagram":"","_twitter":"","_facebook":"","_template_type":"","_template_name":"","_pipeline_version":"","_block_count":"","_design_tokens":"","_seo_title":"","_seo_description":"","footnotes":"","_cpt_subtitle":"","_cpt_featured_quote":"","_cpt_synopsis":"","_cpt_summary":""},"class_list":["post-12653","page","type-page","status-publish"],"acf":[],"_links":{"self":[{"href":"https:\/\/www.asertivia.com\/index.php\/wp-json\/wp\/v2\/pages\/12653","targetHints":{"allow":["GET"]}}],"collection":[{"href":"https:\/\/www.asertivia.com\/index.php\/wp-json\/wp\/v2\/pages"}],"about":[{"href":"https:\/\/www.asertivia.com\/index.php\/wp-json\/wp\/v2\/types\/page"}],"author":[{"embeddable":true,"href":"https:\/\/www.asertivia.com\/index.php\/wp-json\/wp\/v2\/users\/1"}],"replies":[{"embeddable":true,"href":"https:\/\/www.asertivia.com\/index.php\/wp-json\/wp\/v2\/comments?post=12653"}],"version-history":[{"count":0,"href":"https:\/\/www.asertivia.com\/index.php\/wp-json\/wp\/v2\/pages\/12653\/revisions"}],"wp:attachment":[{"href":"https:\/\/www.asertivia.com\/index.php\/wp-json\/wp\/v2\/media?parent=12653"}],"curies":[{"name":"wp","href":"https:\/\/api.w.org\/{rel}","templated":true}]}}